{"id":440,"date":"2024-04-10T15:45:14","date_gmt":"2024-04-10T15:45:14","guid":{"rendered":"https:\/\/www.poistovaciombudsman.sk\/vyrocne-spravy-po\/"},"modified":"2024-09-05T14:14:33","modified_gmt":"2024-09-05T14:14:33","slug":"vyrocne-spravy-po","status":"publish","type":"page","link":"https:\/\/www.poistovaciombudsman.sk\/en\/vyrocne-spravy-po\/","title":{"rendered":"Annual reports"},"content":{"rendered":"","protected":false},"excerpt":{"rendered":"","protected":false},"author":2,"featured_media":0,"parent":0,"menu_order":0,"comment_status":"closed","ping_status":"closed","template":"","meta":{"inline_featured_image":false,"footnotes":""},"class_list":["post-440","page","type-page","status-publish","hentry"],"yoast_head":"<!-- This site is optimized with the Yoast SEO plugin v26.5 - https:\/\/yoast.com\/wordpress\/plugins\/seo\/ -->\n<title>Annual reports - Pois\u0165ovac\u00ed ombudsman<\/title>\n<meta name=\"robots\" content=\"index, follow, max-snippet:-1, max-image-preview:large, max-video-preview:-1\" \/>\n<link rel=\"canonical\" href=\"https:\/\/www.poistovaciombudsman.sk\/en\/vyrocne-spravy-po\/\" \/>\n<meta property=\"og:locale\" content=\"en_US\" \/>\n<meta property=\"og:type\" content=\"article\" \/>\n<meta property=\"og:title\" content=\"Annual reports - Pois\u0165ovac\u00ed ombudsman\" \/>\n<meta property=\"og:url\" content=\"https:\/\/www.poistovaciombudsman.sk\/en\/vyrocne-spravy-po\/\" \/>\n<meta property=\"og:site_name\" content=\"Pois\u0165ovac\u00ed ombudsman\" \/>\n<meta property=\"article:modified_time\" content=\"2024-09-05T14:14:33+00:00\" \/>\n<meta property=\"og:image\" content=\"https:\/\/www.poistovaciombudsman.sk\/wp-content\/uploads\/2024\/03\/Shape-1-2.png\" \/>\n\t<meta property=\"og:image:width\" content=\"169\" \/>\n\t<meta property=\"og:image:height\" content=\"95\" \/>\n\t<meta property=\"og:image:type\" content=\"image\/png\" \/>\n<script type=\"application\/ld+json\" class=\"yoast-schema-graph\">{\"@context\":\"https:\/\/schema.org\",\"@graph\":[{\"@type\":\"WebPage\",\"@id\":\"https:\/\/www.poistovaciombudsman.sk\/en\/vyrocne-spravy-po\/\",\"url\":\"https:\/\/www.poistovaciombudsman.sk\/en\/vyrocne-spravy-po\/\",\"name\":\"Annual reports - Pois\u0165ovac\u00ed ombudsman\",\"isPartOf\":{\"@id\":\"https:\/\/www.poistovaciombudsman.sk\/en\/#website\"},\"datePublished\":\"2024-04-10T15:45:14+00:00\",\"dateModified\":\"2024-09-05T14:14:33+00:00\",\"breadcrumb\":{\"@id\":\"https:\/\/www.poistovaciombudsman.sk\/en\/vyrocne-spravy-po\/#breadcrumb\"},\"inLanguage\":\"en-US\",\"potentialAction\":[{\"@type\":\"ReadAction\",\"target\":[\"https:\/\/www.poistovaciombudsman.sk\/en\/vyrocne-spravy-po\/\"]}]},{\"@type\":\"BreadcrumbList\",\"@id\":\"https:\/\/www.poistovaciombudsman.sk\/en\/vyrocne-spravy-po\/#breadcrumb\",\"itemListElement\":[{\"@type\":\"ListItem\",\"position\":1,\"name\":\"Domovsk\u00e1 str\u00e1nka\",\"item\":\"https:\/\/www.poistovaciombudsman.sk\/en\/\"},{\"@type\":\"ListItem\",\"position\":2,\"name\":\"Annual reports\"}]},{\"@type\":\"WebSite\",\"@id\":\"https:\/\/www.poistovaciombudsman.sk\/en\/#website\",\"url\":\"https:\/\/www.poistovaciombudsman.sk\/en\/\",\"name\":\"Pois\u0165ovac\u00ed ombudsman\",\"description\":\"\",\"publisher\":{\"@id\":\"https:\/\/www.poistovaciombudsman.sk\/en\/#organization\"},\"alternateName\":\"Pois\u0165ovac\u00ed ombudsman\",\"potentialAction\":[{\"@type\":\"SearchAction\",\"target\":{\"@type\":\"EntryPoint\",\"urlTemplate\":\"https:\/\/www.poistovaciombudsman.sk\/en\/?s={search_term_string}\"},\"query-input\":{\"@type\":\"PropertyValueSpecification\",\"valueRequired\":true,\"valueName\":\"search_term_string\"}}],\"inLanguage\":\"en-US\"},{\"@type\":\"Organization\",\"@id\":\"https:\/\/www.poistovaciombudsman.sk\/en\/#organization\",\"name\":\"Pois\u0165ovac\u00ed ombudsman\",\"alternateName\":\"Pois\u0165ovac\u00ed ombudsman\",\"url\":\"https:\/\/www.poistovaciombudsman.sk\/en\/\",\"logo\":{\"@type\":\"ImageObject\",\"inLanguage\":\"en-US\",\"@id\":\"https:\/\/www.poistovaciombudsman.sk\/en\/#\/schema\/logo\/image\/\",\"url\":\"https:\/\/www.poistovaciombudsman.sk\/wp-content\/uploads\/2024\/03\/Shape-1-2.png\",\"contentUrl\":\"https:\/\/www.poistovaciombudsman.sk\/wp-content\/uploads\/2024\/03\/Shape-1-2.png\",\"width\":169,\"height\":95,\"caption\":\"Pois\u0165ovac\u00ed ombudsman\"},\"image\":{\"@id\":\"https:\/\/www.poistovaciombudsman.sk\/en\/#\/schema\/logo\/image\/\"}}]}<\/script>\n<!-- \/ Yoast SEO plugin. -->","yoast_head_json":{"title":"Annual reports - Pois\u0165ovac\u00ed ombudsman","robots":{"index":"index","follow":"follow","max-snippet":"max-snippet:-1","max-image-preview":"max-image-preview:large","max-video-preview":"max-video-preview:-1"},"canonical":"https:\/\/www.poistovaciombudsman.sk\/en\/vyrocne-spravy-po\/","og_locale":"en_US","og_type":"article","og_title":"Annual reports - Pois\u0165ovac\u00ed ombudsman","og_url":"https:\/\/www.poistovaciombudsman.sk\/en\/vyrocne-spravy-po\/","og_site_name":"Pois\u0165ovac\u00ed ombudsman","article_modified_time":"2024-09-05T14:14:33+00:00","og_image":[{"width":169,"height":95,"url":"https:\/\/www.poistovaciombudsman.sk\/wp-content\/uploads\/2024\/03\/Shape-1-2.png","type":"image\/png"}],"schema":{"@context":"https:\/\/schema.org","@graph":[{"@type":"WebPage","@id":"https:\/\/www.poistovaciombudsman.sk\/en\/vyrocne-spravy-po\/","url":"https:\/\/www.poistovaciombudsman.sk\/en\/vyrocne-spravy-po\/","name":"Annual reports - Pois\u0165ovac\u00ed ombudsman","isPartOf":{"@id":"https:\/\/www.poistovaciombudsman.sk\/en\/#website"},"datePublished":"2024-04-10T15:45:14+00:00","dateModified":"2024-09-05T14:14:33+00:00","breadcrumb":{"@id":"https:\/\/www.poistovaciombudsman.sk\/en\/vyrocne-spravy-po\/#breadcrumb"},"inLanguage":"en-US","potentialAction":[{"@type":"ReadAction","target":["https:\/\/www.poistovaciombudsman.sk\/en\/vyrocne-spravy-po\/"]}]},{"@type":"BreadcrumbList","@id":"https:\/\/www.poistovaciombudsman.sk\/en\/vyrocne-spravy-po\/#breadcrumb","itemListElement":[{"@type":"ListItem","position":1,"name":"Domovsk\u00e1 str\u00e1nka","item":"https:\/\/www.poistovaciombudsman.sk\/en\/"},{"@type":"ListItem","position":2,"name":"Annual reports"}]},{"@type":"WebSite","@id":"https:\/\/www.poistovaciombudsman.sk\/en\/#website","url":"https:\/\/www.poistovaciombudsman.sk\/en\/","name":"Pois\u0165ovac\u00ed ombudsman","description":"","publisher":{"@id":"https:\/\/www.poistovaciombudsman.sk\/en\/#organization"},"alternateName":"Pois\u0165ovac\u00ed ombudsman","potentialAction":[{"@type":"SearchAction","target":{"@type":"EntryPoint","urlTemplate":"https:\/\/www.poistovaciombudsman.sk\/en\/?s={search_term_string}"},"query-input":{"@type":"PropertyValueSpecification","valueRequired":true,"valueName":"search_term_string"}}],"inLanguage":"en-US"},{"@type":"Organization","@id":"https:\/\/www.poistovaciombudsman.sk\/en\/#organization","name":"Pois\u0165ovac\u00ed ombudsman","alternateName":"Pois\u0165ovac\u00ed ombudsman","url":"https:\/\/www.poistovaciombudsman.sk\/en\/","logo":{"@type":"ImageObject","inLanguage":"en-US","@id":"https:\/\/www.poistovaciombudsman.sk\/en\/#\/schema\/logo\/image\/","url":"https:\/\/www.poistovaciombudsman.sk\/wp-content\/uploads\/2024\/03\/Shape-1-2.png","contentUrl":"https:\/\/www.poistovaciombudsman.sk\/wp-content\/uploads\/2024\/03\/Shape-1-2.png","width":169,"height":95,"caption":"Pois\u0165ovac\u00ed ombudsman"},"image":{"@id":"https:\/\/www.poistovaciombudsman.sk\/en\/#\/schema\/logo\/image\/"}}]}},"_links":{"self":[{"href":"https:\/\/www.poistovaciombudsman.sk\/en\/wp-json\/wp\/v2\/pages\/440","targetHints":{"allow":["GET"]}}],"collection":[{"href":"https:\/\/www.poistovaciombudsman.sk\/en\/wp-json\/wp\/v2\/pages"}],"about":[{"href":"https:\/\/www.poistovaciombudsman.sk\/en\/wp-json\/wp\/v2\/types\/page"}],"author":[{"embeddable":true,"href":"https:\/\/www.poistovaciombudsman.sk\/en\/wp-json\/wp\/v2\/users\/2"}],"replies":[{"embeddable":true,"href":"https:\/\/www.poistovaciombudsman.sk\/en\/wp-json\/wp\/v2\/comments?post=440"}],"version-history":[{"count":2,"href":"https:\/\/www.poistovaciombudsman.sk\/en\/wp-json\/wp\/v2\/pages\/440\/revisions"}],"predecessor-version":[{"id":442,"href":"https:\/\/www.poistovaciombudsman.sk\/en\/wp-json\/wp\/v2\/pages\/440\/revisions\/442"}],"wp:attachment":[{"href":"https:\/\/www.poistovaciombudsman.sk\/en\/wp-json\/wp\/v2\/media?parent=440"}],"curies":[{"name":"wp","href":"https:\/\/api.w.org\/{rel}","templated":true}]}}